{"id":85,"date":"2023-09-08T14:00:27","date_gmt":"2023-09-08T11:00:27","guid":{"rendered":"https:\/\/cahitvural.com\/?page_id=85"},"modified":"2024-05-10T11:32:23","modified_gmt":"2024-05-10T08:32:23","slug":"ucretsiz-danisin","status":"publish","type":"page","link":"https:\/\/cahitvural.com\/en\/consult-for-free\/","title":{"rendered":"Consult for Free"},"content":{"rendered":"<p><div class=\"arsol-general-form-div\"><div class=\"ars-container general-form-container\"><div class=\"ars-general-form-header\"><h3>Consult for Free<\/h3><p>Feel free to ask us any questions you may have about our processes. We will answer you as soon as possible.<\/p><\/div><form class=\"ars-general-form \" method=\"POST\"><div class=\"input-wrap ars-form-row ars-form-row-3\"><span class=\"input-title\">Your Name Your Last Name*<\/span><input name=\"general_form_name\" id=\"general_form_name_11620\" type=\"text\" class=\"ars-form-control\" placeholder=\"Your Name Your Last Name*\" required=\"\" aria-required=\"true\"><\/div><input type=\"hidden\" name=\"general_form_subject\" value=\"\u00dccretsiz Dan\u0131\u015f\u0131n\"><div class=\"input-wrap ars-form-row ars-form-row-3\"><span class=\"input-title\">E-mail Address<\/span><input name=\"general_form_email\" id=\"general_form_email_11620\" type=\"email\" class=\"ars-form-control\" placeholder=\"E-mail Address\"><\/div><div class=\"input-wrap ars-form-row ars-form-row-3\"><span class=\"input-title\">Your Phone Number*<\/span><input name=\"mobile_number\" id=\"general_form_phone_11620\" type=\"tel\" class=\"ars-form-control\" placeholder=\"Your Phone Number\" required=\"\" aria-required=\"true\"><\/div><div class=\"input-wrap ars-form-row\"><span class=\"input-title\">Your message<\/span><textarea name=\"general_form_desc\" rows=\"5\" id=\"general_form_desc_11620\" class=\"ars-form-control\" placeholder=\"Your message\"><\/textarea><\/div><div class=\"input-wrap ars-form-row ars-form-row-100\"><button type=\"submit\" id=\"general-form-submit-button_11620\" class=\"ars-about-style-link ars-about-style-link-mobile\">Send Now<i class=\"fa fa-angle-right\" aria-hidden=\"true\"><\/i><\/button><\/div><\/form><\/div><\/div><\/p>\n<div class=\"d-inline-block width-100-col title-text-center\"><section class=\"ars-uygulama-list  ars-treatment-top-list-content-class\"><div class=\"ars-container top-category-list-f top-category-list-f-3\"><div class=\"ars-left-right-design\"><div class=\"ars-container\"><div class=\"ars-left-design\"><div class=\"ars-left-design-image-area\"><img decoding=\"async\" src=\"https:\/\/cahitvural.com\/wp-content\/uploads\/2023\/09\/Estetik-Cerrahi-Ana-Kategori-Gorseli-800X500.png\" alt=\"Aesthetic Surgery\" class=\"ars-left-design-image\"><\/div><\/div><div class=\"ars-right-design\"><h2 class=\"ars-right-left-design-title\">Aesthetic Surgery<\/h2><p>One of the areas where signs of aging are most common is the face. Therefore, some changes occur on the face with aging.<\/p><\/div><\/div><\/div><\/div><section class=\"ars-uygulama-list ars-uygulama-list-bottom-category\"><div class=\"ars-container\"><a href=\"https:\/\/cahitvural.com\/en\/uygulama-kategori\/body-aesthetics\/\" class=\"ars-uygulama-item ars-uygulama-item-1 row-count-4\"><div class=\"ars-uygulama-item-in\"><img decoding=\"async\" src=\"https:\/\/cahitvural.com\/wp-content\/uploads\/2023\/09\/Vucut-Ana-Baslik-Gorseli.png\" alt=\"Body Aesthetics\" class=\"bg\"><div class=\"ars-uygulama-item-content\"><span class=\"ars-uygulama-unvan\">Body Aesthetics<\/span><\/div><\/div><div class=\"ars-about-style-link-area\"><span class=\"ars-about-style-link\">REVIEW<i class=\"fa fa-angle-right\" aria-hidden=\"true\"><\/i><\/span><\/div><\/a><a href=\"https:\/\/cahitvural.com\/en\/uygulama-kategori\/nose-aesthetics\/\" class=\"ars-uygulama-item ars-uygulama-item-2 row-count-4\"><div class=\"ars-uygulama-item-in\"><img decoding=\"async\" src=\"https:\/\/cahitvural.com\/wp-content\/uploads\/2023\/09\/Burun.png\" alt=\"Nose Aesthetics\" class=\"bg\"><div class=\"ars-uygulama-item-content\"><span class=\"ars-uygulama-unvan\">Nose Aesthetics<\/span><\/div><\/div><div class=\"ars-about-style-link-area\"><span class=\"ars-about-style-link\">REVIEW<i class=\"fa fa-angle-right\" aria-hidden=\"true\"><\/i><\/span><\/div><\/a><a href=\"https:\/\/cahitvural.com\/en\/uygulama-kategori\/eye-aesthetics\/\" class=\"ars-uygulama-item ars-uygulama-item-3 row-count-4\"><div class=\"ars-uygulama-item-in\"><img decoding=\"async\" src=\"https:\/\/cahitvural.com\/wp-content\/uploads\/2023\/09\/Goz.png\" alt=\"Eye Aesthetics\" class=\"bg\"><div class=\"ars-uygulama-item-content\"><span class=\"ars-uygulama-unvan\">Eye Aesthetics<\/span><\/div><\/div><div class=\"ars-about-style-link-area\"><span class=\"ars-about-style-link\">REVIEW<i class=\"fa fa-angle-right\" aria-hidden=\"true\"><\/i><\/span><\/div><\/a><a href=\"https:\/\/cahitvural.com\/en\/uygulama-kategori\/facial-aesthetics\/\" class=\"ars-uygulama-item ars-uygulama-item-4 row-count-4\"><div class=\"ars-uygulama-item-in\"><img decoding=\"async\" src=\"https:\/\/cahitvural.com\/wp-content\/uploads\/2023\/09\/Yuz.png\" alt=\"Facial Aesthetics\" class=\"bg\"><div class=\"ars-uygulama-item-content\"><span class=\"ars-uygulama-unvan\">Facial Aesthetics<\/span><\/div><\/div><div class=\"ars-about-style-link-area\"><span class=\"ars-about-style-link\">REVIEW<i class=\"fa fa-angle-right\" aria-hidden=\"true\"><\/i><\/span><\/div><\/a><\/div><\/section><div class=\"ars-container top-category-list-f top-category-list-f-2\"><div class=\"ars-left-right-design\"><div class=\"ars-container\"><div class=\"ars-left-design\"><div class=\"ars-left-design-image-area\"><img decoding=\"async\" src=\"https:\/\/cahitvural.com\/wp-content\/uploads\/2023\/09\/Medikal-Estetik-Ana-Kategori-Gorseli-800x500-1.png\" alt=\"Medical Aesthetics\" class=\"ars-left-design-image\"><\/div><\/div><div class=\"ars-right-design\"><h2 class=\"ars-right-left-design-title\">Medical Aesthetics<\/h2><p>As a result of factors such as age, environmental factors, diseases and genetics, wear and tear occurs in the body and face area. Medical aesthetics is a field that includes treatments that repair these wear and cosmetically restore the body to its most beautiful state.<\/p><\/div><\/div><\/div><\/div><section class=\"ars-uygulama-list ars-uygulama-list-bottom-category\"><div class=\"ars-container\"><a href=\"https:\/\/cahitvural.com\/en\/uygulama-kategori\/face-operations\/\" class=\"ars-uygulama-item ars-uygulama-item-1 row-count-3\"><div class=\"ars-uygulama-item-in\"><img decoding=\"async\" src=\"https:\/\/cahitvural.com\/wp-content\/uploads\/2023\/09\/Yuz-Islemleri-1.png\" alt=\"Face Operations\" class=\"bg\"><div class=\"ars-uygulama-item-content\"><span class=\"ars-uygulama-unvan\">Face Operations<\/span><\/div><\/div><div class=\"ars-about-style-link-area\"><span class=\"ars-about-style-link\">REVIEW<i class=\"fa fa-angle-right\" aria-hidden=\"true\"><\/i><\/span><\/div><\/a><a href=\"https:\/\/cahitvural.com\/en\/uygulama-kategori\/body-processes\/\" class=\"ars-uygulama-item ars-uygulama-item-2 row-count-3\"><div class=\"ars-uygulama-item-in\"><img decoding=\"async\" src=\"https:\/\/cahitvural.com\/wp-content\/uploads\/2023\/09\/Vucut-Islemleri-1.png\" alt=\"Body Processes\" class=\"bg\"><div class=\"ars-uygulama-item-content\"><span class=\"ars-uygulama-unvan\">Body Processes<\/span><\/div><\/div><div class=\"ars-about-style-link-area\"><span class=\"ars-about-style-link\">REVIEW<i class=\"fa fa-angle-right\" aria-hidden=\"true\"><\/i><\/span><\/div><\/a><a href=\"https:\/\/cahitvural.com\/en\/uygulama-kategori\/energy-based-transactions\/\" class=\"ars-uygulama-item ars-uygulama-item-3 row-count-3\"><div class=\"ars-uygulama-item-in\"><img decoding=\"async\" src=\"https:\/\/cahitvural.com\/wp-content\/uploads\/2023\/09\/Enerji-Bazli-Islemler-1.png\" alt=\"Energy Based Transactions\" class=\"bg\"><div class=\"ars-uygulama-item-content\"><span class=\"ars-uygulama-unvan\">Energy Based Transactions<\/span><\/div><\/div><div class=\"ars-about-style-link-area\"><span class=\"ars-about-style-link\">REVIEW<i class=\"fa fa-angle-right\" aria-hidden=\"true\"><\/i><\/span><\/div><\/a><\/div><\/section><\/section><\/div>\n<p><\/p>","protected":false},"excerpt":{"rendered":"","protected":false},"author":1,"featured_media":0,"parent":0,"menu_order":0,"comment_status":"closed","ping_status":"closed","template":"template-blank.php","meta":{"footnotes":""},"aioseo_notices":[],"_links":{"self":[{"href":"https:\/\/cahitvural.com\/en\/wp-json\/wp\/v2\/pages\/85"}],"collection":[{"href":"https:\/\/cahitvural.com\/en\/wp-json\/wp\/v2\/pages"}],"about":[{"href":"https:\/\/cahitvural.com\/en\/wp-json\/wp\/v2\/types\/page"}],"author":[{"embeddable":true,"href":"https:\/\/cahitvural.com\/en\/wp-json\/wp\/v2\/users\/1"}],"replies":[{"embeddable":true,"href":"https:\/\/cahitvural.com\/en\/wp-json\/wp\/v2\/comments?post=85"}],"version-history":[{"count":6,"href":"https:\/\/cahitvural.com\/en\/wp-json\/wp\/v2\/pages\/85\/revisions"}],"predecessor-version":[{"id":1366,"href":"https:\/\/cahitvural.com\/en\/wp-json\/wp\/v2\/pages\/85\/revisions\/1366"}],"wp:attachment":[{"href":"https:\/\/cahitvural.com\/en\/wp-json\/wp\/v2\/media?parent=85"}],"curies":[{"name":"wp","href":"https:\/\/api.w.org\/{rel}","templated":true}]}}